{"id":49212,"date":"2024-05-24T14:16:32","date_gmt":"2024-05-24T12:16:32","guid":{"rendered":"https:\/\/dendrolift.com\/kontakt\/"},"modified":"2026-02-12T12:41:51","modified_gmt":"2026-02-12T11:41:51","slug":"kontakt","status":"publish","type":"page","link":"https:\/\/dendrolift.com\/de\/kontakt\/","title":{"rendered":"Kontakt"},"content":{"rendered":"\n<h1 class=\"wp-block-heading underRubrik\">Kontaktieren Sie uns mit Ihren Fragen&#8230;<\/h1>\n\n\n\n<div class=\"wp-block-columns is-layout-flex wp-container-core-columns-is-layout-9d6595d7 wp-block-columns-is-layout-flex\">\n<div class=\"wp-block-column is-layout-flow wp-block-column-is-layout-flow\" style=\"flex-basis:70%\">\n<p class=\"has-text-color has-link-color wp-elements-a46cabb705b5cb0248bab611e7182d2d\" style=\"color:#2c4a8b\"><strong>Dendro Lift ist ein f\u00fchrender schwedischer Hersteller und Lieferant von fortschrittlicher Hebetechnik. Unsere Hebeb\u00fchnen basieren auf elektromechanischen Schraubenantrieben, die hohe Leistung und maximale Sicherheit zum richtigen Preis bieten.<\/strong><\/p>\n\n\n\n<p><strong>Seit fast 60 Jahren<\/strong> konzentriert sich Dendro Lift auf das Heben schwerer Fahrzeuge. Das Unternehmen wurde in den 1960er Jahren von Edvin Gardmo gegr\u00fcndet und \u00e4nderte in den 1970er Jahren seinen Namen in Dendro Maskin, nachdem es vom staatlichen Svenska Utvecklingsaktiebolaget \u00fcbernommen wurde. Der Name Dendro, der im Griechischen \u201eBaum\u201c bedeutet, spiegelt unsere Philosophie von \u201eWachstumskraft und St\u00e4rke\u201c wider und wird in unserem Logo visualisiert, das bereits 1978 geschaffen wurde und \u201edas Blatt, die Pflanze, den ausgewachsenen Baum\u201c symbolisiert.<\/p>\n\n\n\n<p>In den 1980er Jahren wurde das Unternehmen privatisiert und setzte den Schwerpunkt auf robuste Hebeb\u00fchnen f\u00fcr schwere Fahrzeuge sowie auf Speziall\u00f6sungen f\u00fcr die Industrie. Wir haben Hebeb\u00fchnen f\u00fcr alles entwickelt, von Flugzeugmotoren bis hin zu h\u00f6henverstellbaren B\u00fchnenb\u00f6den, aber der Fokus lag immer auf Service-Hebeb\u00fchnen und mobilen Hebeb\u00f6cken f\u00fcr schwere Fahrzeuge. Erg\u00e4nzend zu unseren Hebeb\u00fchnen haben wir auch stabile Unterstellb\u00f6cke f\u00fcr schwere Lasten hergestellt.<\/p>\n\n\n\n<p>Anfang der 2000er Jahre \u00e4nderten wir unseren Namen in das international einsetzbare Dendro Lift, als sich der Markt erweiterte. Heute konzentrieren wir uns auf einzigartige Hebel\u00f6sungen f\u00fcr LKWs und Schienenfahrzeuge, kombiniert mit kundenspezifischen Spezialhebeb\u00fchnen. Unsere ma\u00dfgefertigten Unterstellb\u00f6cke sind nach wie vor ein wichtiger Bestandteil unseres Gesch\u00e4fts. Produkte von Dendro Lift sind heute in fast allen europ\u00e4ischen L\u00e4ndern sowie im Nahen Osten, Nord- und S\u00fcdamerika zu finden.<\/p>\n\n\n\n<p>Im Jahr 2013 erg\u00e4nzten wir unsere eigene Produktion durch den Import von gro\u00dfen Hebesystemen f\u00fcr Schienenfahrzeuge sowie von ausziehbaren Dacharbeitsb\u00fchnen des deutschen Unternehmens CMCO. Dendro Lift ist nun dank hochwertiger Produkte und hohem Serviceniveau Marktf\u00fchrer in Schweden in diesem Segment.<\/p>\n\n\n\n<p><strong>Unser modulares Konzept <\/strong>erm\u00f6glicht es uns, sowohl kundenspezifische L\u00f6sungen als auch schnelle Lieferungen anzubieten.<\/p>\n\n\n\n<p><strong>Unsere langj\u00e4hrige Erfahrung<\/strong> in der Lieferung von Hebeb\u00fchnen zeigt uns, wie eine Hebeb\u00fchne konstruiert sein muss, um minimale Wartung und Probleme mit optimaler Leistung, Flexibilit\u00e4t und Sicherheit zu kombinieren. Unsere Hebeb\u00fchnen und Unterstellb\u00f6cke sind bekannt f\u00fcr ihre lange Lebensdauer und hohe Qualit\u00e4t.<\/p>\n\n\n\n<p><strong>Wir wissen, dass unsere Produkte \u00fcber lange Zeitr\u00e4ume genutzt werden,<\/strong> und durch unsere Ersatzteilversorgung stellen wir sicher, dass sie Jahr f\u00fcr Jahr problemlos weiterverwendet werden k\u00f6nnen.<\/p>\n\n\n\n<p><strong>Eine gut funktionierende Serviceorganisation<\/strong> ist von entscheidender Bedeutung, und daher haben wir ein Netzwerk von qualifizierten Servicepartnern aufgebaut, die etwaige Probleme schnell beheben k\u00f6nnen.<\/p>\n\n\n\n<p><strong>Um der steigenden Nachfrage internationaler Kunden<\/strong> gerecht zu werden, haben wir ein globales Vertriebsnetz mit qualifizierten Partnern aufgebaut, die ihren lokalen Markt kennen.<\/p>\n\n\n\n<p><strong>Qualit\u00e4ts- und Umweltmanagementsysteme nach ISO 9001:2015 und ISO 14001:2015<\/strong> wurden implementiert, um auch in Zukunft hohe Qualit\u00e4t zu gew\u00e4hrleisten.<\/p>\n\n\n\n<p><strong>Verhaltenskodex f\u00fcr Partner und Lieferanten<\/strong><\/p>\n\n\n\n<p>Dendro Lift unterst\u00fctzt die zehn Prinzipien des UN Global Compact in Bezug auf Menschenrechte, Arbeitsbedingungen, Umwelt und Korruption. Siehe unsere <a href=\"https:\/\/dendrolift.com\/wp-content\/uploads\/2024\/08\/Dendro-Lift-GDPR-compliant-privacy.pdf\" data-type=\"link\" data-id=\"https:\/\/dendrolift.com\/wp-content\/uploads\/2024\/08\/Dendro-Lift-GDPR-compliant-privacy.pdf\" target=\"_blank\" rel=\"noreferrer noopener\">Richtlinien und Verhaltenskodex.<\/a><\/p>\n\n\n\n<p><strong>Mickey Petersson,<\/strong> Head of European Sales, +49 172 7638430<\/p>\n<\/div>\n\n\n\n<div class=\"wp-block-column padLeft is-layout-flow wp-block-column-is-layout-flow\" style=\"flex-basis:30%\">\n<h2 class=\"wp-block-heading\"><a href=\"tel:+562645\u00ad73450\">+5626-45\u00ad7 34 50<\/a><\/h2>\n\n\n\n<h3 class=\"wp-block-heading\">Box 3055, 750 03 Uppsala, Sweden<br><a href=\"mailto:info@dendrolift.com\">info@dendrolift.com<\/a><\/h3>\n\n\n\n<hr class=\"wp-block-separator has-text-color has-alpha-channel-opacity has-background\" style=\"background-color:#ededed;color:#ededed\"\/>\n\n\n\n<p><strong>Central Europe Sales<\/strong><br><a href=\"tel:+491727638430\">+49 172 7638430<\/a><br><a href=\"mailto:info-de@dendrolift.com\">info-de@dendrolift.com<\/a><\/p>\n\n\n\n<p><strong>Oder kontaktieren Sie einen unserer Partner.<\/strong><\/p>\n\n\n\n<p><strong>Dendro Lift Deutschland<\/strong><br><a href=\"mailto:info@stubbe-maschinen.de\">info@stubbe-maschinen.de<\/a><\/p>\n\n\n\n<p><strong class=\"\"><strong class=\"\">Dendro Lift Frankreich<\/strong><br><\/strong><a href=\"mailto:info@liftop.fr\">info@liftop.fr<\/a><\/p>\n\n\n\n<p><strong>Dendro Lift<\/strong> <strong>Dendro Lift Gro\u00dfbritannien und Irland<\/strong><br><a href=\"mailto:sales@amrsupplychain.com\">sales@amrsupplychain.com<\/a><\/p>\n\n\n\n<p><strong class=\"\">Dendro Lift Italien<\/strong><br><a href=\"mailto:info-uk@dendrolift.com\"><\/a><a href=\"mailto:sales@amrsupplychain.com\"><\/a><a href=\"mailto:commerciale@consolandi.com\"><\/a><a href=\"mailto:commerciale@consolandi.com\">commerciale@consolandi.com<\/a><\/p>\n\n\n\n<p><strong>Dendro Lift Spanien<\/strong><br><a href=\"mailto:info@jacobsandpartners.eu\">info@jacobsandpartners.eu<\/a><\/p>\n\n\n\n<p><strong>Dendro Lift Benelux<\/strong><br><a href=\"mailto:info@vandenbosgroep.nl\">info@vandenbosgroep.nl<\/a><\/p>\n\n\n\n<p><strong>Dendro Lift Polen<\/strong><br><a href=\"mailto:biuro@windberg.pl\">biuro@windberg.pl<\/a><\/p>\n\n\n\n<p><strong>Dendro Lift \u00d6sterreich<\/strong><br><a href=\"mailto:office@gr-anlagen.at\">office@gr-anlagen.at<\/a><\/p>\n\n\n\n<p><strong class=\"\"><strong class=\"\">Dendro Lift Tschechien<\/strong><br><\/strong><a href=\"mailto:info@zdvihservis.cz\">info@zdvihservis.cz<\/a><\/p>\n\n\n\n<p><strong>Rechnungsadresse<\/strong><br><a>invoice@dendrolift.com<\/a><\/p>\n<\/div>\n<\/div>\n\n\n\n<h2 class=\"wp-block-heading has-text-color has-link-color wp-elements-0d6dfa5d7ad1196f4f57a60ae5972310\" style=\"color:#2c4a8b\">Interessiert?<\/h2>\n\n\n\n<div class=\"wp-block-toolset-cred-form\"><div id=\"offert-form\">\r\n<form  id=\"cred_form_51358_1_1\" class=\"cred-form cred-keep-original\" action=\"\/de\/wp-json\/wp\/v2\/pages\/49212?_tt=1776934265\" data-form=\"{&quot;form_id&quot;:&quot;cred_form_51358_1_1&quot;,&quot;use_ajax&quot;:&quot;1&quot;,&quot;wpv_page&quot;:1}\" data-conditionals=\"[]\" method=\"post\">\r\n\t<div id=\"wpt-form-message-51358\"\n\t\t\t              data-message-single=\"The post was not saved because of the following problem:\"\n\t\t\t              data-message-plural=\"The post was not saved because of the following %NN problems:\"\n\t\t\t              style=\"display:none;\" class=\"wpt-top-form-error wpt-form-error wpt-form-error-wrapper alert alert-danger alert alert-warning\"><\/div>\r\n\t<div class=\"form-group\">\r\n\t\t<label for=\"cred_form_51358_1_1_ref-offert\">Product<\/label>\r\n\t\t<div class=\"js-wpt-field-items js-wpt-repetitive wpt-repetitive\" data-initial-conditional=\"\" data-item_name=\"select-ref-offert\">\r\n<select id=\"cred_form_51358_1_1_ref-offert\"  preset_value=\"\" urlparam=\"\" make_readonly=\"\" max_width=\"\" max_height=\"\" class=\"form-control wpt-form-select form-select select\" output=\"bootstrap\" select_text=\"--- V\u00e4lj produkt ---\" data-orderby=\"title\" data-order=\"ASC\" data-author=\"\" data-wpt-type=\"select\" name=\"ref-offert\">\r\n<option value=\"\" class=\"wpt-form-option form-option option\" data-wpt-type=\"option\" data-wpt-id=\"cred_form_51358_1_1_cred_form_51358_1_1_ref-offert\" data-wpt-name=\"ref-offert\" selected=\"selected\">--- V\u00e4lj produkt ---<\/option>\r\n<\/select>\n<\/div>\r\n\t<\/div>\r\n\t<div class=\"form-group\">\r\n\t\t<label for=\"cred_form_51358_1_1_namn-offert\">Name<\/label>\r\n\t\t<div class=\"js-wpt-field-items js-wpt-repetitive wpt-repetitive\" data-initial-conditional=\"\" data-item_name=\"textfield-wpcf-namn-offert\">\r\n<input type=\"text\" id=\"cred_form_51358_1_1_namn-offert\" name=\"wpcf-namn-offert\" value=\"\" class=\"form-control wpt-form-textfield form-textfield textfield\" output=\"bootstrap\" preset_value=\"\" urlparam=\"\" preview=\"\" previewsize=\"\" select_label=\"\" edit_label=\"\" value_escape=\"\" make_readonly=\"\" placeholder=\"\" select_text=\"\" data-wpt-validate=\"{&quot;required&quot;:{&quot;args&quot;:{&quot;1&quot;:true},&quot;message&quot;:&quot;This field is required.&quot;}}\" data-wpt-field-title=\"Namn\" data-parsley-required=\"true\" data-parsley-required-message=\"This field is required.\" data-parsley-credfilesize=\"134217728\" data-wpt-type=\"textfield\" data-wpt-id=\"cred_form_51358_1_1_cred_form_51358_1_1_namn-offert\" data-wpt-name=\"wpcf-namn-offert\" \/>\r\n<\/div>\r\n\t<\/div>\r\n\t<div class=\"form-group\">\r\n\t\t<label for=\"cred_form_51358_1_1_epost-offert\">E-mail<\/label>\r\n\t\t<div class=\"js-wpt-field-items js-wpt-repetitive wpt-repetitive\" data-initial-conditional=\"\" data-item_name=\"email-wpcf-epost-offert\">\r\n<input type=\"text\" id=\"cred_form_51358_1_1_epost-offert\" name=\"wpcf-epost-offert\" value=\"\" class=\"form-control wpt-form-textfield form-textfield textfield\" output=\"bootstrap\" preset_value=\"\" urlparam=\"\" preview=\"\" previewsize=\"\" select_label=\"\" edit_label=\"\" value_escape=\"\" make_readonly=\"\" placeholder=\"\" select_text=\"\" data-wpt-validate=\"{&quot;required&quot;:{&quot;args&quot;:{&quot;1&quot;:true},&quot;message&quot;:&quot;This field is required.&quot;}}\" data-wpt-field-title=\"E-post\" data-parsley-required=\"true\" data-parsley-required-message=\"This field is required.\" data-parsley-credfilesize=\"134217728\" data-wpt-type=\"textfield\" data-wpt-id=\"cred_form_51358_1_1_cred_form_51358_1_1_epost-offert\" data-wpt-name=\"wpcf-epost-offert\" \/>\r\n<\/div>\r\n\t<\/div>\r\n\t<div class=\"form-group\">\r\n\t\t<label for=\"cred_form_51358_1_1_foretag-offert\">Company<\/label>\r\n\t\t<div class=\"js-wpt-field-items js-wpt-repetitive wpt-repetitive\" data-initial-conditional=\"\" data-item_name=\"textfield-wpcf-foretag-offert\">\r\n<input type=\"text\" id=\"cred_form_51358_1_1_foretag-offert\" name=\"wpcf-foretag-offert\" value=\"\" class=\"form-control wpt-form-textfield form-textfield textfield\" output=\"bootstrap\" preset_value=\"\" urlparam=\"\" preview=\"\" previewsize=\"\" select_label=\"\" edit_label=\"\" value_escape=\"\" make_readonly=\"\" placeholder=\"\" select_text=\"\" data-wpt-validate=\"{&quot;required&quot;:{&quot;args&quot;:{&quot;1&quot;:true},&quot;message&quot;:&quot;This field is required.&quot;}}\" data-wpt-field-title=\"F\u00f6retag\" data-parsley-required=\"true\" data-parsley-required-message=\"This field is required.\" data-parsley-credfilesize=\"134217728\" data-wpt-type=\"textfield\" data-wpt-id=\"cred_form_51358_1_1_cred_form_51358_1_1_foretag-offert\" data-wpt-name=\"wpcf-foretag-offert\" \/>\r\n<\/div>\r\n\t<\/div>\r\n\t<input type=\"submit\" id=\"cred_form_51358_1_1_form_submit_1\" name=\"form_submit_1\" value=\"Send\" class=\"btn btn-primary btn-lg wpt-form-submit form-submit submit\" \/>\r\n<input type=\"hidden\" id=\"cred_form_51358_1_1__cred_cred_prefix_post_id\" name=\"_cred_cred_prefix_post_id\" value=\"120200\" class=\"wpt-form-hidden form-hidden\" data-wpt-id=\"cred_form_51358_1_1_cred_form_51358_1_1__cred_cred_prefix_post_id\" data-wpt-name=\"_cred_cred_prefix_post_id\" \/><input type=\"hidden\" id=\"cred_form_51358_1_1__cred_cred_prefix_cred_container_id\" name=\"_cred_cred_prefix_cred_container_id\" value=\"49212\" class=\"wpt-form-hidden form-hidden\" data-wpt-id=\"cred_form_51358_1_1_cred_form_51358_1_1__cred_cred_prefix_cred_container_id\" data-wpt-name=\"_cred_cred_prefix_cred_container_id\" \/><input type=\"hidden\" id=\"cred_form_51358_1_1__cred_cred_prefix_form_id\" name=\"_cred_cred_prefix_form_id\" value=\"51358\" class=\"wpt-form-hidden form-hidden\" data-wpt-id=\"cred_form_51358_1_1_cred_form_51358_1_1__cred_cred_prefix_form_id\" data-wpt-name=\"_cred_cred_prefix_form_id\" \/><input type=\"hidden\" id=\"cred_form_51358_1_1__cred_cred_prefix_form_count\" name=\"_cred_cred_prefix_form_count\" value=\"1\" class=\"wpt-form-hidden form-hidden\" data-wpt-id=\"cred_form_51358_1_1_cred_form_51358_1_1__cred_cred_prefix_form_count\" data-wpt-name=\"_cred_cred_prefix_form_count\" \/><\/form>\r\n<\/div><\/div>\n","protected":false},"excerpt":{"rendered":"<p>Kontaktieren Sie uns mit Ihren Fragen&#8230; Dendro Lift ist ein f\u00fchrender schwedischer Hersteller und Lieferant von fortschrittlicher Hebetechnik. Unsere Hebeb\u00fchnen basieren auf elektromechanischen Schraubenantrieben, die hohe Leistung und maximale Sicherheit zum richtigen Preis bieten. Seit fast 60 Jahren konzentriert sich Dendro Lift auf das Heben schwerer Fahrzeuge. Das Unternehmen wurde in den 1960er Jahren von [&hellip;]<\/p>\n","protected":false},"author":2,"featured_media":0,"parent":0,"menu_order":0,"comment_status":"closed","ping_status":"closed","template":"","meta":{"footnotes":""},"class_list":["post-49212","page","type-page","status-publish","hentry"],"yoast_head":"<!-- This site is optimized with the Yoast SEO plugin v27.3 - https:\/\/yoast.com\/product\/yoast-seo-wordpress\/ -->\n<title>Kontakt - Dendro Lift<\/title>\n<meta name=\"robots\" content=\"index, follow, max-snippet:-1, max-image-preview:large, max-video-preview:-1\" \/>\n<link rel=\"canonical\" href=\"https:\/\/dendrolift.com\/kontakta\/\" \/>\n<meta property=\"og:locale\" content=\"de_DE\" \/>\n<meta property=\"og:type\" content=\"article\" \/>\n<meta property=\"og:title\" content=\"Kontakt - Dendro Lift\" \/>\n<meta property=\"og:description\" content=\"Kontaktieren Sie uns mit Ihren Fragen&#8230; Dendro Lift ist ein f\u00fchrender schwedischer Hersteller und Lieferant von fortschrittlicher Hebetechnik. Unsere Hebeb\u00fchnen basieren auf elektromechanischen Schraubenantrieben, die hohe Leistung und maximale Sicherheit zum richtigen Preis bieten. Seit fast 60 Jahren konzentriert sich Dendro Lift auf das Heben schwerer Fahrzeuge. Das Unternehmen wurde in den 1960er Jahren von [&hellip;]\" \/>\n<meta property=\"og:url\" content=\"https:\/\/dendrolift.com\/kontakta\/\" \/>\n<meta property=\"og:site_name\" content=\"Dendro Lift\" \/>\n<meta property=\"article:modified_time\" content=\"2026-02-12T11:41:51+00:00\" \/>\n<meta name=\"twitter:card\" content=\"summary_large_image\" \/>\n<meta name=\"twitter:label1\" content=\"Gesch\u00e4tzte Lesezeit\" \/>\n\t<meta name=\"twitter:data1\" content=\"3\u00a0Minuten\" \/>\n<script type=\"application\/ld+json\" class=\"yoast-schema-graph\">{\"@context\":\"https:\\\/\\\/schema.org\",\"@graph\":[{\"@type\":\"WebPage\",\"@id\":\"https:\\\/\\\/dendrolift.com\\\/kontakta\\\/\",\"url\":\"https:\\\/\\\/dendrolift.com\\\/kontakta\\\/\",\"name\":\"Kontakt - Dendro Lift\",\"isPartOf\":{\"@id\":\"https:\\\/\\\/dendrolift.com\\\/#website\"},\"datePublished\":\"2024-05-24T12:16:32+00:00\",\"dateModified\":\"2026-02-12T11:41:51+00:00\",\"breadcrumb\":{\"@id\":\"https:\\\/\\\/dendrolift.com\\\/kontakta\\\/#breadcrumb\"},\"inLanguage\":\"de\",\"potentialAction\":[{\"@type\":\"ReadAction\",\"target\":[\"https:\\\/\\\/dendrolift.com\\\/kontakta\\\/\"]}]},{\"@type\":\"BreadcrumbList\",\"@id\":\"https:\\\/\\\/dendrolift.com\\\/kontakta\\\/#breadcrumb\",\"itemListElement\":[{\"@type\":\"ListItem\",\"position\":1,\"name\":\"Hem\",\"item\":\"https:\\\/\\\/dendrolift.com\\\/de\\\/\"},{\"@type\":\"ListItem\",\"position\":2,\"name\":\"Kontakt\"}]},{\"@type\":\"WebSite\",\"@id\":\"https:\\\/\\\/dendrolift.com\\\/#website\",\"url\":\"https:\\\/\\\/dendrolift.com\\\/\",\"name\":\"Dendro Lift\",\"description\":\"\",\"publisher\":{\"@id\":\"https:\\\/\\\/dendrolift.com\\\/#organization\"},\"potentialAction\":[{\"@type\":\"SearchAction\",\"target\":{\"@type\":\"EntryPoint\",\"urlTemplate\":\"https:\\\/\\\/dendrolift.com\\\/?s={search_term_string}\"},\"query-input\":{\"@type\":\"PropertyValueSpecification\",\"valueRequired\":true,\"valueName\":\"search_term_string\"}}],\"inLanguage\":\"de\"},{\"@type\":\"Organization\",\"@id\":\"https:\\\/\\\/dendrolift.com\\\/#organization\",\"name\":\"Dendro Lift\",\"url\":\"https:\\\/\\\/dendrolift.com\\\/\",\"logo\":{\"@type\":\"ImageObject\",\"inLanguage\":\"de\",\"@id\":\"https:\\\/\\\/dendrolift.com\\\/#\\\/schema\\\/logo\\\/image\\\/\",\"url\":\"https:\\\/\\\/dendrolift.com\\\/wp-content\\\/uploads\\\/2024\\\/05\\\/headerlogo.png\",\"contentUrl\":\"https:\\\/\\\/dendrolift.com\\\/wp-content\\\/uploads\\\/2024\\\/05\\\/headerlogo.png\",\"width\":291,\"height\":60,\"caption\":\"Dendro Lift\"},\"image\":{\"@id\":\"https:\\\/\\\/dendrolift.com\\\/#\\\/schema\\\/logo\\\/image\\\/\"}}]}<\/script>\n<!-- \/ Yoast SEO plugin. -->","yoast_head_json":{"title":"Kontakt - Dendro Lift","robots":{"index":"index","follow":"follow","max-snippet":"max-snippet:-1","max-image-preview":"max-image-preview:large","max-video-preview":"max-video-preview:-1"},"canonical":"https:\/\/dendrolift.com\/kontakta\/","og_locale":"de_DE","og_type":"article","og_title":"Kontakt - Dendro Lift","og_description":"Kontaktieren Sie uns mit Ihren Fragen&#8230; Dendro Lift ist ein f\u00fchrender schwedischer Hersteller und Lieferant von fortschrittlicher Hebetechnik. Unsere Hebeb\u00fchnen basieren auf elektromechanischen Schraubenantrieben, die hohe Leistung und maximale Sicherheit zum richtigen Preis bieten. Seit fast 60 Jahren konzentriert sich Dendro Lift auf das Heben schwerer Fahrzeuge. Das Unternehmen wurde in den 1960er Jahren von [&hellip;]","og_url":"https:\/\/dendrolift.com\/kontakta\/","og_site_name":"Dendro Lift","article_modified_time":"2026-02-12T11:41:51+00:00","twitter_card":"summary_large_image","twitter_misc":{"Gesch\u00e4tzte Lesezeit":"3\u00a0Minuten"},"schema":{"@context":"https:\/\/schema.org","@graph":[{"@type":"WebPage","@id":"https:\/\/dendrolift.com\/kontakta\/","url":"https:\/\/dendrolift.com\/kontakta\/","name":"Kontakt - Dendro Lift","isPartOf":{"@id":"https:\/\/dendrolift.com\/#website"},"datePublished":"2024-05-24T12:16:32+00:00","dateModified":"2026-02-12T11:41:51+00:00","breadcrumb":{"@id":"https:\/\/dendrolift.com\/kontakta\/#breadcrumb"},"inLanguage":"de","potentialAction":[{"@type":"ReadAction","target":["https:\/\/dendrolift.com\/kontakta\/"]}]},{"@type":"BreadcrumbList","@id":"https:\/\/dendrolift.com\/kontakta\/#breadcrumb","itemListElement":[{"@type":"ListItem","position":1,"name":"Hem","item":"https:\/\/dendrolift.com\/de\/"},{"@type":"ListItem","position":2,"name":"Kontakt"}]},{"@type":"WebSite","@id":"https:\/\/dendrolift.com\/#website","url":"https:\/\/dendrolift.com\/","name":"Dendro Lift","description":"","publisher":{"@id":"https:\/\/dendrolift.com\/#organization"},"potentialAction":[{"@type":"SearchAction","target":{"@type":"EntryPoint","urlTemplate":"https:\/\/dendrolift.com\/?s={search_term_string}"},"query-input":{"@type":"PropertyValueSpecification","valueRequired":true,"valueName":"search_term_string"}}],"inLanguage":"de"},{"@type":"Organization","@id":"https:\/\/dendrolift.com\/#organization","name":"Dendro Lift","url":"https:\/\/dendrolift.com\/","logo":{"@type":"ImageObject","inLanguage":"de","@id":"https:\/\/dendrolift.com\/#\/schema\/logo\/image\/","url":"https:\/\/dendrolift.com\/wp-content\/uploads\/2024\/05\/headerlogo.png","contentUrl":"https:\/\/dendrolift.com\/wp-content\/uploads\/2024\/05\/headerlogo.png","width":291,"height":60,"caption":"Dendro Lift"},"image":{"@id":"https:\/\/dendrolift.com\/#\/schema\/logo\/image\/"}}]}},"_links":{"self":[{"href":"https:\/\/dendrolift.com\/de\/wp-json\/wp\/v2\/pages\/49212","targetHints":{"allow":["GET"]}}],"collection":[{"href":"https:\/\/dendrolift.com\/de\/wp-json\/wp\/v2\/pages"}],"about":[{"href":"https:\/\/dendrolift.com\/de\/wp-json\/wp\/v2\/types\/page"}],"author":[{"embeddable":true,"href":"https:\/\/dendrolift.com\/de\/wp-json\/wp\/v2\/users\/2"}],"replies":[{"embeddable":true,"href":"https:\/\/dendrolift.com\/de\/wp-json\/wp\/v2\/comments?post=49212"}],"version-history":[{"count":0,"href":"https:\/\/dendrolift.com\/de\/wp-json\/wp\/v2\/pages\/49212\/revisions"}],"wp:attachment":[{"href":"https:\/\/dendrolift.com\/de\/wp-json\/wp\/v2\/media?parent=49212"}],"curies":[{"name":"wp","href":"https:\/\/api.w.org\/{rel}","templated":true}]}}